{"id":321,"date":"2023-10-22T10:22:03","date_gmt":"2023-10-22T08:22:03","guid":{"rendered":"https:\/\/lucreziamarkt.dadi3d.de\/?page_id=321"},"modified":"2023-11-20T20:22:12","modified_gmt":"2023-11-20T19:22:12","slug":"infos","status":"publish","type":"page","link":"https:\/\/lucrezia-markt.de\/?page_id=321","title":{"rendered":"Infos"},"content":{"rendered":"<div id=\"wtl_steps\" class=\"wtl_wrapper wp_timeline_post_list schedule_cover layout_id_1 hide_timeline_icon\"><div class=\"wtl-schedule-wrap\"><div class=\"wtl_blog_template wtl_steps_wrap\"><div class=\"wtl_steps\" data-effect=\"flip-effect\"><div data-aos=\"zoom-in\" class=\"wtl_blog_single_post_wrapp \">\r\n\t<div class=\"wtl_steps_post_format fas fa-thumbtack\"><\/div><h2 class=\"wtl-post-title\" >1982<\/h2>\t<div class=\"wtl-post-content\" >\r\n\t\tErster Kunsthandwerker-Weihnachtsmarkt in Regensburg durch den Arbeitskreis Kultur Regensburger B\u00fcrger und einer Gruppe Kunsthandwerker ins Leben gerufen. Ziel war es, einen Markt mit stimmungsvoller Atmosph\u00e4re zu schaffen, in dessen Rahmen ein Gemeinschaftsgef\u00fchl entsteht. Musische- und handwerkliche Kunst sollten sich begegnen, Kinder mit einbezogen werden, und somit ein vielseitiger Markt entstehen.\nWas so zuerst als Versuch in einem kleinen Rahmen, gerade mal vom 17.-23. Dez., im Thon-Dittmer-Hof stattfand, ist heute aus dem vorweihnachtlichen Regensburg nicht mehr wegzudenken.\n\t<\/div>\r\n\t<div class=\"wtl-post-meta\" style=\"padding:0\">\r\n\t\t\t\t<div class=\"wtl-post-social\"><div class=\"wtl-post-social-links\"><\/div><\/div>\r\n\t\t\t<\/div>    \r\n<\/div>\r\n<div data-aos=\"zoom-in\" class=\"wtl_blog_single_post_wrapp \">\r\n\t<div class=\"wtl_steps_post_format fas fa-thumbtack\"><\/div><h2 class=\"wtl-post-title\" >1985<\/h2>\t<div class=\"wtl-post-content\" >\r\n\t\tAuch als der Markt 1985 auf den frisch sanierten Haidplatz umzog, damals noch in offenen Buden, die morgens ein- und abends ausger\u00e4umt wurden und ohne jegliche Heizung, blieben die Grundprinzipien: Eigenorganisation, Eigenproduktion und Eigenverkauf unverr\u00fcckbar und sind es auch heute noch.\n\t<\/div>\r\n\t<div class=\"wtl-post-meta\" style=\"padding:0\">\r\n\t\t\t\t<div class=\"wtl-post-social\"><div class=\"wtl-post-social-links\"><\/div><\/div>\r\n\t\t\t<\/div>    \r\n<\/div>\r\n<div data-aos=\"zoom-in\" class=\"wtl_blog_single_post_wrapp \">\r\n\t<div class=\"wtl_steps_post_format fas fa-thumbtack\"><\/div><h2 class=\"wtl-post-title\" >1986<\/h2>\t<div class=\"wtl-post-content\" >\r\n\t\t1986 wurde der F\u00f6rderkreis der Regensburger Kunsthandwerker e.V. gegr\u00fcndet, der seither in Zusammenarbeit mit dem Kulturamt der Stadt Regensburg diesen Markt organisiert. Der Wintersturm trifft auf den Lucrezia Markt.\n&nbsp;\n&nbsp;\n&nbsp;\n<img decoding=\"async\" src=\"https:\/\/lucrezia-markt.de\/wp-content\/uploads\/1986\/10\/20230905_100522-1024x705.jpg\" \/>\n\t<\/div>\r\n\t<div class=\"wtl-post-meta\" style=\"padding:0\">\r\n\t\t\t\t<div class=\"wtl-post-social\"><div class=\"wtl-post-social-links\"><\/div><\/div>\r\n\t\t\t<\/div>    \r\n<\/div>\r\n<div data-aos=\"zoom-in\" class=\"wtl_blog_single_post_wrapp \">\r\n\t<div class=\"wtl_steps_post_format fas fa-thumbtack\"><\/div><h2 class=\"wtl-post-title\" >1987<\/h2>\t<div class=\"wtl-post-content\" >\r\n\t\t1987 etabliert sich der Markt auf dem Haidplatz und auch wie im Vorjahr zogen die Kunsthandwerker, Heinz Bosch und den original Negerl\u00e4ndern folgend auf den Marktplatz ein (das waren noch Zeiten).\n\t<\/div>\r\n\t<div class=\"wtl-post-meta\" style=\"padding:0\">\r\n\t\t\t\t<div class=\"wtl-post-social\"><div class=\"wtl-post-social-links\"><\/div><\/div>\r\n\t\t\t<\/div>    \r\n<\/div>\r\n<div data-aos=\"zoom-in\" class=\"wtl_blog_single_post_wrapp \">\r\n\t<div class=\"wtl_steps_post_format fas fa-thumbtack\"><\/div><h2 class=\"wtl-post-title\" >1988<\/h2>\t<div class=\"wtl-post-content\" >\r\n\t\t1988 Schaffen die Kunsthandwerker eigene Buden an, um ein einheitliches Marktbild zu schaffen. (Kunsthandwerker schaffen immer)\n\t<\/div>\r\n\t<div class=\"wtl-post-meta\" style=\"padding:0\">\r\n\t\t\t\t<div class=\"wtl-post-social\"><div class=\"wtl-post-social-links\"><\/div><\/div>\r\n\t\t\t<\/div>    \r\n<\/div>\r\n<div data-aos=\"zoom-in\" class=\"wtl_blog_single_post_wrapp \">\r\n\t<div class=\"wtl_steps_post_format fas fa-thumbtack\"><\/div><h2 class=\"wtl-post-title\" >1989<\/h2>\t<div class=\"wtl-post-content\" >\r\n\t\tIhre Durchlaucht\u00a0F\u00fcrstin Gloria\u00a0er\u00f6ffnet den Markt. Zum ersten Mal stehen auch Buden auf dem\u00a0Kohlenmarkt.\n&nbsp;\n&nbsp;\n&nbsp;\n<img decoding=\"async\" src=\"https:\/\/lucrezia-markt.de\/wp-content\/uploads\/2023\/10\/jubil_1989_ueberblick.jpg\" \/>\n\t<\/div>\r\n\t<div class=\"wtl-post-meta\" style=\"padding:0\">\r\n\t\t\t\t<div class=\"wtl-post-social\"><div class=\"wtl-post-social-links\"><\/div><\/div>\r\n\t\t\t<\/div>    \r\n<\/div>\r\n<div data-aos=\"zoom-in\" class=\"wtl_blog_single_post_wrapp \">\r\n\t<div class=\"wtl_steps_post_format fas fa-thumbtack\"><\/div><h2 class=\"wtl-post-title\" >1990<\/h2>\t<div class=\"wtl-post-content\" >\r\n\t\tZur Er\u00f6ffnung hat sich das\u00a0Bayerische Fernsehen\u00a0angek\u00fcndigt, das auch schon unterm Jahr die Vorbereitungen des &#8222;etwas anderen Weihnachtsmarktes&#8220; verfolgte.\n\t<\/div>\r\n\t<div class=\"wtl-post-meta\" style=\"padding:0\">\r\n\t\t\t\t<div class=\"wtl-post-social\"><div class=\"wtl-post-social-links\"><\/div><\/div>\r\n\t\t\t<\/div>    \r\n<\/div>\r\n<div data-aos=\"zoom-in\" class=\"wtl_blog_single_post_wrapp \">\r\n\t<div class=\"wtl_steps_post_format fas fa-thumbtack\"><\/div><h2 class=\"wtl-post-title\" >1991<\/h2>\t<div class=\"wtl-post-content\" >\r\n\t\tDie organisatorischen Arbeiten innerhalb des Vereins und die Verhandlungen mit der Stadt werden \u00fcberschaubarer, die\u00a0k\u00fcnstlerische Ausstattung\u00a0des Markts beginnt.\n&nbsp;\n&nbsp;\n&nbsp;\n<img decoding=\"async\" src=\"https:\/\/lucrezia-markt.de\/wp-content\/uploads\/2023\/11\/jubil_1991_werbemassnahmen-300x206.jpg\" \/>\n\t<\/div>\r\n\t<div class=\"wtl-post-meta\" style=\"padding:0\">\r\n\t\t\t\t<div class=\"wtl-post-social\"><div class=\"wtl-post-social-links\"><\/div><\/div>\r\n\t\t\t<\/div>    \r\n<\/div>\r\n<div data-aos=\"zoom-in\" class=\"wtl_blog_single_post_wrapp \">\r\n\t<div class=\"wtl_steps_post_format fas fa-thumbtack\"><\/div><h2 class=\"wtl-post-title\" >1992<\/h2>\t<div class=\"wtl-post-content\" >\r\n\t\t10-j\u00e4hriges Jubil\u00e4um:\nGro\u00dfes\u00a0Kulturprogramm\u00a0unter Mithilfe von Stadtb\u00fccherei, VHS, und St\u00e4dtischen B\u00fchnen am Haidplatz, Beginn der\u00a0Kinder-Bastelnachmittage\u00a0in Zusammenarbeit mit der Jugendb\u00fccherei.\n\t<\/div>\r\n\t<div class=\"wtl-post-meta\" style=\"padding:0\">\r\n\t\t\t\t<div class=\"wtl-post-social\"><div class=\"wtl-post-social-links\"><\/div><\/div>\r\n\t\t\t<\/div>    \r\n<\/div>\r\n<div data-aos=\"zoom-in\" class=\"wtl_blog_single_post_wrapp \">\r\n\t<div class=\"wtl_steps_post_format fas fa-thumbtack\"><\/div><h2 class=\"wtl-post-title\" >1993<\/h2>\t<div class=\"wtl-post-content\" >\r\n\t\tKampf dem 3. Weihnachtsmarkt in Regensburg! Auf dem Kohlenmarkt entsteht ein riesiger Drache, in dessen Bauch freischaffende Kunsthandwerker ihre Waren feilbieten.\n<em>&#8222;Ein Bewahrer und Beh\u00fcter, ein W\u00e4chter des selbst\u00e4ndigen Kunsthandwerks&#8220;<\/em>\n&nbsp;\n&nbsp;\n&nbsp;\n<img decoding=\"async\" src=\"https:\/\/lucrezia-markt.de\/wp-content\/uploads\/1993\/11\/Kohlenmarktdino5.jpg\" \/>\n\t<\/div>\r\n\t<div class=\"wtl-post-meta\" style=\"padding:0\">\r\n\t\t\t\t<div class=\"wtl-post-social\"><div class=\"wtl-post-social-links\"><\/div><\/div>\r\n\t\t\t<\/div>    \r\n<\/div>\r\n<div data-aos=\"zoom-in\" class=\"wtl_blog_single_post_wrapp \">\r\n\t<div class=\"wtl_steps_post_format fas fa-thumbtack\"><\/div><h2 class=\"wtl-post-title\" >1994<\/h2>\t<div class=\"wtl-post-content\" >\r\n\t\tDas\u00a0kulturelle Beiprogramm\u00a0wird ausgebaut, fast t\u00e4glich Musik, Theater, Jonglage auf der Haidplatzb\u00fchne.\n\t<\/div>\r\n\t<div class=\"wtl-post-meta\" style=\"padding:0\">\r\n\t\t\t\t<div class=\"wtl-post-social\"><div class=\"wtl-post-social-links\"><\/div><\/div>\r\n\t\t\t<\/div>    \r\n<\/div>\r\n<div data-aos=\"zoom-in\" class=\"wtl_blog_single_post_wrapp \">\r\n\t<div class=\"wtl_steps_post_format fas fa-thumbtack\"><\/div><h2 class=\"wtl-post-title\" >1995<\/h2>\t<div class=\"wtl-post-content\" >\r\n\t\tErstmals dem Markt angegliederte\u00a0Kunstausstellung\u00a0im Thon- Dittmer- Hof und in der Sigismundkapelle. Zur Er\u00f6ffnung spielt die Gruppe &#8222;Akcent&#8220; (seit dem immer, und jedesmal, ist es ein unbeschreibliches Erlebnis)\n\t<\/div>\r\n\t<div class=\"wtl-post-meta\" style=\"padding:0\">\r\n\t\t\t\t<div class=\"wtl-post-social\"><div class=\"wtl-post-social-links\"><\/div><\/div>\r\n\t\t\t<\/div>    \r\n<\/div>\r\n<div data-aos=\"zoom-in\" class=\"wtl_blog_single_post_wrapp \">\r\n\t<div class=\"wtl_steps_post_format fas fa-thumbtack\"><\/div><h2 class=\"wtl-post-title\" >1996<\/h2>\t<div class=\"wtl-post-content\" >\r\n\t\tDer Weihnachtsmarkt der Regensburger Kunsthandwerker bekommt einen Namen &#8211;\n&#8222;Lucrezia- Markt&#8220;\nLucia, die wei\u00dfe Frau, die nach einem alten nordischen Brauch mit einem Lichterkranz auf dem Haupt am 13. Dezember das Licht in die dunkle Zeit bringt, steht Patin f\u00fcr den Markt, der das vor- weihnachtliche Regensburg mit seinem Lichterdach erhellt.\n\t<\/div>\r\n\t<div class=\"wtl-post-meta\" style=\"padding:0\">\r\n\t\t\t\t<div class=\"wtl-post-social\"><div class=\"wtl-post-social-links\"><\/div><\/div>\r\n\t\t\t<\/div>    \r\n<\/div>\r\n<div data-aos=\"zoom-in\" class=\"wtl_blog_single_post_wrapp \">\r\n\t<div class=\"wtl_steps_post_format fas fa-thumbtack\"><\/div><h2 class=\"wtl-post-title\" >1997<\/h2>\t<div class=\"wtl-post-content\" >\r\n\t\tKontaktaufnahme zu Kunsthandwerkern aus Regensburgs Partnerst\u00e4tten &#8211;\u00a0Gastaussteller aus Pilsen\u00a0bei der Kunstausstellung: &#8222;Gegens\u00e4tze&#8220;\n&nbsp;\n&nbsp;\n<img decoding=\"async\" src=\"https:\/\/lucrezia-markt.de\/wp-content\/uploads\/2023\/11\/jubil_1998_kulturprogramm-300x222.jpg\" \/>\n\t<\/div>\r\n\t<div class=\"wtl-post-meta\" style=\"padding:0\">\r\n\t\t\t\t<div class=\"wtl-post-social\"><div class=\"wtl-post-social-links\"><\/div><\/div>\r\n\t\t\t<\/div>    \r\n<\/div>\r\n<div data-aos=\"zoom-in\" class=\"wtl_blog_single_post_wrapp \">\r\n\t<div class=\"wtl_steps_post_format fas fa-thumbtack\"><\/div><h2 class=\"wtl-post-title\" >1998<\/h2>\t<div class=\"wtl-post-content\" >\r\n\t\tAndy Kessel pr\u00e4sentiert sein\u00a0Musik-Karussell\u00a0mit Trommel-Auto, Sitz-Lyra, Gitarren-Dreirad und Harfen-Kutsche. Seit her eine weitere Attraktion auf dem Lucrezia Markt.\n&nbsp;\n&nbsp;\n<img decoding=\"async\" src=\"https:\/\/lucrezia-markt.de\/wp-content\/uploads\/2023\/11\/jubil_1998_karussell-300x204.jpg\" \/>\n\t<\/div>\r\n\t<div class=\"wtl-post-meta\" style=\"padding:0\">\r\n\t\t\t\t<div class=\"wtl-post-social\"><div class=\"wtl-post-social-links\"><\/div><\/div>\r\n\t\t\t<\/div>    \r\n<\/div>\r\n<div data-aos=\"zoom-in\" class=\"wtl_blog_single_post_wrapp \">\r\n\t<div class=\"wtl_steps_post_format fas fa-thumbtack\"><\/div><h2 class=\"wtl-post-title\" >1999<\/h2>\t<div class=\"wtl-post-content\" >\r\n\t\tErste\u00a0Wunschbaum-Aktion zu Gunsten des Tadra-Projekts. Bunte B\u00e4nder, die f\u00fcr eine kleine Spende gekauft und mit W\u00fcnschen belegt an einen Baum gebunden werden, helfen mit in Osttibet ein Waisenhaus zu finanzieren.\nZum dritten Mal steht die Kunstausstellung unter einem Thema, zu dem die Aussteller arbeiten. Thema: &#8222;Traumzeit&#8222;\n\t<\/div>\r\n\t<div class=\"wtl-post-meta\" style=\"padding:0\">\r\n\t\t\t\t<div class=\"wtl-post-social\"><div class=\"wtl-post-social-links\"><\/div><\/div>\r\n\t\t\t<\/div>    \r\n<\/div>\r\n<div data-aos=\"zoom-in\" class=\"wtl_blog_single_post_wrapp \">\r\n\t<div class=\"wtl_steps_post_format fas fa-thumbtack\"><\/div><h2 class=\"wtl-post-title\" >2000<\/h2>\t<div class=\"wtl-post-content\" >\r\n\t\tGeneralsanierung der Buden und der Marktdekoration bei einer Gemeinschaftsarbeit im Sommer. Erstes Jahr mit\u00a0Esel Lisa.\n\t<\/div>\r\n\t<div class=\"wtl-post-meta\" style=\"padding:0\">\r\n\t\t\t\t<div class=\"wtl-post-social\"><div class=\"wtl-post-social-links\"><\/div><\/div>\r\n\t\t\t<\/div>    \r\n<\/div>\r\n<div data-aos=\"zoom-in\" class=\"wtl_blog_single_post_wrapp \">\r\n\t<div class=\"wtl_steps_post_format fas fa-thumbtack\"><\/div><h2 class=\"wtl-post-title\" >2001<\/h2>\t<div class=\"wtl-post-content\" >\r\n\t\tZweites und letztes Jahr mit Esel Lisa, ansonsten alles wie gehabt (kaum zu glauben!) Kunstausstellung zum Thema: &#8222;Gedankenspr\u00fcnge&#8220;\n&nbsp;\n&nbsp;\n&nbsp;\n<img decoding=\"async\" src=\"https:\/\/lucrezia-markt.de\/wp-content\/uploads\/2023\/11\/jubil_2000_eselin_lisa-226x300.jpg\" \/>\n\t<\/div>\r\n\t<div class=\"wtl-post-meta\" style=\"padding:0\">\r\n\t\t\t\t<div class=\"wtl-post-social\"><div class=\"wtl-post-social-links\"><\/div><\/div>\r\n\t\t\t<\/div>    \r\n<\/div>\r\n<div data-aos=\"zoom-in\" class=\"wtl_blog_single_post_wrapp \">\r\n\t<div class=\"wtl_steps_post_format fas fa-thumbtack\"><\/div><h2 class=\"wtl-post-title\" >2002<\/h2>\t<div class=\"wtl-post-content\" >\r\n\t\t20-j\u00e4hriges Jubeljahr\nMit Jubil\u00e4umsfeier, Jubil\u00e4umstombola und vielen \u00dcberraschungen. Kunstausstellung zum Thema &#8222;Bewegung&#8220;\n\t<\/div>\r\n\t<div class=\"wtl-post-meta\" style=\"padding:0\">\r\n\t\t\t\t<div class=\"wtl-post-social\"><div class=\"wtl-post-social-links\"><\/div><\/div>\r\n\t\t\t<\/div>    \r\n<\/div>\r\n<div data-aos=\"zoom-in\" class=\"wtl_blog_single_post_wrapp \">\r\n\t<div class=\"wtl_steps_post_format fas fa-thumbtack\"><\/div><h2 class=\"wtl-post-title\" >2003<\/h2>\t<div class=\"wtl-post-content\" >\r\n\t\talles l\u00e4uft super\n\t<\/div>\r\n\t<div class=\"wtl-post-meta\" style=\"padding:0\">\r\n\t\t\t\t<div class=\"wtl-post-social\"><div class=\"wtl-post-social-links\"><\/div><\/div>\r\n\t\t\t<\/div>    \r\n<\/div>\r\n<div data-aos=\"zoom-in\" class=\"wtl_blog_single_post_wrapp \">\r\n\t<div class=\"wtl_steps_post_format fas fa-thumbtack\"><\/div><h2 class=\"wtl-post-title\" >2004<\/h2>\t<div class=\"wtl-post-content\" >\r\n\t\tAb\u00a0<span class=\"style1\">2004<\/span>\u00a0steht der Lucrezia-Markt allj\u00e4hrlich unter einem bestimmten Motto. Wir starten wir mit einer\u00a0\u201eAdventskalender Engelsuchaktion\u201c, das Kulturprogramm steckt voller Engel und den Lichtmast am Haidplatz kr\u00f6nt eine als Engel schwebende Lucia. Der Uhu Bubo fasziniert gro\u00df und klein und l\u00e4sst sich am Bauch kraulen.\n&nbsp;\n&nbsp;\n&nbsp;\n<img decoding=\"async\" src=\"https:\/\/lucrezia-markt.de\/wp-content\/uploads\/2023\/11\/jubil_2004_uhu-285x300.jpg\" \/>\n\t<\/div>\r\n\t<div class=\"wtl-post-meta\" style=\"padding:0\">\r\n\t\t\t\t<div class=\"wtl-post-social\"><div class=\"wtl-post-social-links\"><\/div><\/div>\r\n\t\t\t<\/div>    \r\n<\/div>\r\n<div data-aos=\"zoom-in\" class=\"wtl_blog_single_post_wrapp \">\r\n\t<div class=\"wtl_steps_post_format fas fa-thumbtack\"><\/div><h2 class=\"wtl-post-title\" >2005<\/h2>\t<div class=\"wtl-post-content\" >\r\n\t\t&#8230; ist das Thema \u201eSternenglanz\u201c. Dies ist der Anlass die Sterne, die unsere Lichterketten schm\u00fccken neu zu gestalten. Die Marktteilnehmer gestalten einzelne Sterne, die durch die Adventskalenderaktion verlost werden. 10. Kunstausstellung in Thon-Dittmer-Hof und Sigismundkapelle. Der Erl\u00f6s des Verkaufs der Gemeinschaftsarbeit kommt der Noma-Hilfe zu Gute.\n\t<\/div>\r\n\t<div class=\"wtl-post-meta\" style=\"padding:0\">\r\n\t\t\t\t<div class=\"wtl-post-social\"><div class=\"wtl-post-social-links\"><\/div><\/div>\r\n\t\t\t<\/div>    \r\n<\/div>\r\n<div data-aos=\"zoom-in\" class=\"wtl_blog_single_post_wrapp \">\r\n\t<div class=\"wtl_steps_post_format fas fa-thumbtack\"><\/div><h2 class=\"wtl-post-title\" >2006<\/h2>\t<div class=\"wtl-post-content\" >\r\n\t\t\u201eHeute schon Kamel gesucht?\u201c\u00a0ist in diesem Jahr das Thema. Und zur Kr\u00f6nung der Aktion haben wir noch 2 echte Kamele zu Besuch auf denen Kinder und Erwachsene einen Ritt um den Markt wagen konnten.\n&nbsp;\n&nbsp;\n&nbsp;\n<img decoding=\"async\" src=\"https:\/\/lucrezia-markt.de\/wp-content\/uploads\/2023\/11\/jubil_2006_kamel.jpg\" \/>\n\t<\/div>\r\n\t<div class=\"wtl-post-meta\" style=\"padding:0\">\r\n\t\t\t\t<div class=\"wtl-post-social\"><div class=\"wtl-post-social-links\"><\/div><\/div>\r\n\t\t\t<\/div>    \r\n<\/div>\r\n<div data-aos=\"zoom-in\" class=\"wtl_blog_single_post_wrapp \">\r\n\t<div class=\"wtl_steps_post_format fas fa-thumbtack\"><\/div><h2 class=\"wtl-post-title\" >2007<\/h2>\t<div class=\"wtl-post-content\" >\r\n\t\t25-j\u00e4hriges Jubeljahr mit vielen Aktionen\nEine Festzeitung erinnert an Vergangenes und zeigt unseren Markt heute. Und im Adventskalender, auf der Haidplatzb\u00fchne, findet sich so mancher auf alten Fotos wieder.\n\t<\/div>\r\n\t<div class=\"wtl-post-meta\" style=\"padding:0\">\r\n\t\t\t\t<div class=\"wtl-post-social\"><div class=\"wtl-post-social-links\"><\/div><\/div>\r\n\t\t\t<\/div>    \r\n<\/div>\r\n<div data-aos=\"zoom-in\" class=\"wtl_blog_single_post_wrapp \">\r\n\t<div class=\"wtl_steps_post_format fas fa-thumbtack\"><\/div><h2 class=\"wtl-post-title\" >2008 &#038; 2009<\/h2>\t<div class=\"wtl-post-content\" >\r\n\t\t<span style=\"font-weight: 400\">Umstellung der Platzbeleuchtung auf LED-Birnen. \u00dcberlegungen und Umsetzung in Richtung einer noch nachhaltigeren Veranstaltung.<\/span>\n\t<\/div>\r\n\t<div class=\"wtl-post-meta\" style=\"padding:0\">\r\n\t\t\t\t<div class=\"wtl-post-social\"><div class=\"wtl-post-social-links\"><\/div><\/div>\r\n\t\t\t<\/div>    \r\n<\/div>\r\n<div data-aos=\"zoom-in\" class=\"wtl_blog_single_post_wrapp \">\r\n\t<div class=\"wtl_steps_post_format fas fa-thumbtack\"><\/div><h2 class=\"wtl-post-title\" >2010<\/h2>\t<div class=\"wtl-post-content\" >\r\n\t\t<span style=\"font-weight: 400\">Neben den \u201e\u00dcblichen Verd\u00e4chtigen\u201c trifft man dieses Jahr mehrere Neulinge an.<\/span>\n<span style=\"font-weight: 400\">Eine Gasth\u00fctte mit w\u00f6chentlich wechselnden Angeboten bietet Neueinsteigerinnen und Neueinsteigern die M\u00f6glichkeit, ins Geschehen hineinzuschnuppern.<\/span>\n\t<\/div>\r\n\t<div class=\"wtl-post-meta\" style=\"padding:0\">\r\n\t\t\t\t<div class=\"wtl-post-social\"><div class=\"wtl-post-social-links\"><\/div><\/div>\r\n\t\t\t<\/div>    \r\n<\/div>\r\n<div data-aos=\"zoom-in\" class=\"wtl_blog_single_post_wrapp \">\r\n\t<div class=\"wtl_steps_post_format fas fa-thumbtack\"><\/div><h2 class=\"wtl-post-title\" >2011<\/h2>\t<div class=\"wtl-post-content\" >\r\n\t\t<span style=\"font-weight: 400\">Die H\u00fctten erhalten eine Rundum-Sanierung und es erscheint eine neue Brosch\u00fcre zum und \u00fcber den Markt.<\/span>\n\t<\/div>\r\n\t<div class=\"wtl-post-meta\" style=\"padding:0\">\r\n\t\t\t\t<div class=\"wtl-post-social\"><div class=\"wtl-post-social-links\"><\/div><\/div>\r\n\t\t\t<\/div>    \r\n<\/div>\r\n<div data-aos=\"zoom-in\" class=\"wtl_blog_single_post_wrapp \">\r\n\t<div class=\"wtl_steps_post_format fas fa-thumbtack\"><\/div><h2 class=\"wtl-post-title\" >2014<\/h2>\t<div class=\"wtl-post-content\" >\r\n\t\t<span style=\"font-weight: 400\">Der Lucrezia-Markt zeichnet sich unter den Weihnachtsm\u00e4rkten als nachhaltige und umweltfreundliche Veranstaltung aus, was wir in diesem Jahr durch einen zertifizierten Bio Gastrostand am Kohlenmarkt weiter voranbringen k\u00f6nnen.<\/span>\n\t<\/div>\r\n\t<div class=\"wtl-post-meta\" style=\"padding:0\">\r\n\t\t\t\t<div class=\"wtl-post-social\"><div class=\"wtl-post-social-links\"><\/div><\/div>\r\n\t\t\t<\/div>    \r\n<\/div>\r\n<div data-aos=\"zoom-in\" class=\"wtl_blog_single_post_wrapp \">\r\n\t<div class=\"wtl_steps_post_format fas fa-thumbtack\"><\/div><h2 class=\"wtl-post-title\" >2015 &#8211; 2018<\/h2>\t<div class=\"wtl-post-content\" >\r\n\t\t<span style=\"font-weight: 400\">St\u00e4ndige Aktualisierung und Umsetzung nachhaltiger Ideen im Verein und am Markt.<\/span>\n\t<\/div>\r\n\t<div class=\"wtl-post-meta\" style=\"padding:0\">\r\n\t\t\t\t<div class=\"wtl-post-social\"><div class=\"wtl-post-social-links\"><\/div><\/div>\r\n\t\t\t<\/div>    \r\n<\/div>\r\n<div data-aos=\"zoom-in\" class=\"wtl_blog_single_post_wrapp \">\r\n\t<div class=\"wtl_steps_post_format fas fa-thumbtack\"><\/div><h2 class=\"wtl-post-title\" >2019<\/h2>\t<div class=\"wtl-post-content\" >\r\n\t\t<span style=\"font-weight: 400\">Erste kostenfreie Aktionsh\u00fctte f\u00fcr soziale und kulturelle Initiativen der Stadt.<\/span>\n\t<\/div>\r\n\t<div class=\"wtl-post-meta\" style=\"padding:0\">\r\n\t\t\t\t<div class=\"wtl-post-social\"><div class=\"wtl-post-social-links\"><\/div><\/div>\r\n\t\t\t<\/div>    \r\n<\/div>\r\n<div data-aos=\"zoom-in\" class=\"wtl_blog_single_post_wrapp \">\r\n\t<div class=\"wtl_steps_post_format fas fa-thumbtack\"><\/div><h2 class=\"wtl-post-title\" >2020 &#038; 2021<\/h2>\t<div class=\"wtl-post-content\" >\r\n\t\t<span style=\"font-weight: 400\">Auszeichnung des Marktes als besonders ressourcenschonende Veranstaltung mit dem GreenNote Siegel. Leider muss der Markt in diesen Jahren, Corona bedingt, ausfallen.<\/span>\n<span style=\"font-weight: 400\">Durch die Anmietung eines Laden Leerstandes in der Innenstadt k\u00f6nnen die Kunsthandwerkerinnen und Kunsthandwerker gl\u00fccklicherweise doch pr\u00e4sent sein.<\/span>\n\t<\/div>\r\n\t<div class=\"wtl-post-meta\" style=\"padding:0\">\r\n\t\t\t\t<div class=\"wtl-post-social\"><div class=\"wtl-post-social-links\"><\/div><\/div>\r\n\t\t\t<\/div>    \r\n<\/div>\r\n<div data-aos=\"zoom-in\" class=\"wtl_blog_single_post_wrapp \">\r\n\t<div class=\"wtl_steps_post_format fas fa-thumbtack\"><\/div><h2 class=\"wtl-post-title\" >2023<\/h2>\t<div class=\"wtl-post-content\" >\r\n\t\t<span style=\"font-weight: 400\">40 Jahre Lucrezia-Markt<\/span>\n\t<\/div>\r\n\t<div class=\"wtl-post-meta\" style=\"padding:0\">\r\n\t\t\t\t<div class=\"wtl-post-social\"><div class=\"wtl-post-social-links\"><\/div><\/div>\r\n\t\t\t<\/div>    \r\n<\/div>\r\n<div class=\"wl_pagination_box template-1\"><\/div><\/div><\/div><\/div><\/div>\n","protected":false},"excerpt":{"rendered":"","protected":false},"author":1,"featured_media":0,"parent":0,"menu_order":0,"comment_status":"closed","ping_status":"closed","template":"wp-custom-template-info-template","meta":{"_eb_attr":"","footnotes":""},"_links":{"self":[{"href":"https:\/\/lucrezia-markt.de\/index.php?rest_route=\/wp\/v2\/pages\/321"}],"collection":[{"href":"https:\/\/lucrezia-markt.de\/index.php?rest_route=\/wp\/v2\/pages"}],"about":[{"href":"https:\/\/lucrezia-markt.de\/index.php?rest_route=\/wp\/v2\/types\/page"}],"author":[{"embeddable":true,"href":"https:\/\/lucrezia-markt.de\/index.php?rest_route=\/wp\/v2\/users\/1"}],"replies":[{"embeddable":true,"href":"https:\/\/lucrezia-markt.de\/index.php?rest_route=%2Fwp%2Fv2%2Fcomments&post=321"}],"version-history":[{"count":2,"href":"https:\/\/lucrezia-markt.de\/index.php?rest_route=\/wp\/v2\/pages\/321\/revisions"}],"predecessor-version":[{"id":353,"href":"https:\/\/lucrezia-markt.de\/index.php?rest_route=\/wp\/v2\/pages\/321\/revisions\/353"}],"wp:attachment":[{"href":"https:\/\/lucrezia-markt.de\/index.php?rest_route=%2Fwp%2Fv2%2Fmedia&parent=321"}],"curies":[{"name":"wp","href":"https:\/\/api.w.org\/{rel}","templated":true}]}}